{"id":25,"date":"2025-12-23T09:15:35","date_gmt":"2025-12-23T09:15:35","guid":{"rendered":"https:\/\/chaletbochetay.be\/?page_id=25"},"modified":"2026-03-26T15:09:38","modified_gmt":"2026-03-26T15:09:38","slug":"portfolio","status":"publish","type":"page","link":"https:\/\/chaletbochetay.be\/?page_id=25&lang=nl","title":{"rendered":"Portfolio"},"content":{"rendered":"\t\t<div data-elementor-type=\"wp-page\" data-elementor-id=\"25\" class=\"elementor elementor-25\">\n\t\t\t\t<div class=\"elementor-element elementor-element-63d34850 e-flex e-con-boxed e-con e-parent\" data-id=\"63d34850\" data-element_type=\"container\">\n\t\t\t\t\t<div class=\"e-con-inner\">\n\t\t\t\t<div class=\"elementor-element elementor-element-693a71ea elementor-widget elementor-widget-heading\" data-id=\"693a71ea\" data-element_type=\"widget\" data-widget_type=\"heading.default\">\n\t\t\t\t\t<h1 class=\"elementor-heading-title elementor-size-default\">De menukaart<\/h1>\t\t\t\t<\/div>\n\t\t\t\t<div class=\"elementor-element elementor-element-ddb93ef elementor-widget-mobile__width-auto elementor-widget elementor-widget-html\" data-id=\"ddb93ef\" data-element_type=\"widget\" data-widget_type=\"html.default\">\n\t\t\t\t\t<div style=\"position: relative; width: 100%; height: 0; padding-top: 141.4286%;\r\n padding-bottom: 0; box-shadow: 0 2px 8px 0 rgba(63,69,81,0.16); margin-top: 1.6em; margin-bottom: 0.9em; overflow: hidden;\r\n border-radius: 8px; will-change: transform;\">\r\n  <iframe loading=\"lazy\" style=\"position: absolute; width: 100%; height: 100%; top: 0; left: 0; border: none; padding: 0;margin: 0;\"\r\n    src=\"https:\/\/www.canva.com\/design\/DAG9fOXBxVQ\/J8--QSu_ONLVKLMOI1i3Mg\/view?embed\" allowfullscreen=\"allowfullscreen\" allow=\"fullscreen\">\r\n  <\/iframe>\r\n<\/div>\r\n<a href=\"https:&#x2F;&#x2F;www.canva.com&#x2F;design&#x2F;DAG9fOXBxVQ&#x2F;J8--QSu_ONLVKLMOI1i3Mg&#x2F;view?utm_content=DAG9fOXBxVQ&amp;utm_campaign=designshare&amp;utm_medium=embeds&amp;utm_source=link\" target=\"_blank\" rel=\"noopener\">\t\t\t\t<\/div>\n\t\t\t\t\t<\/div>\n\t\t\t\t<\/div>\n\t\t<div class=\"elementor-element elementor-element-f57a909 e-con-full e-flex e-con e-parent\" data-id=\"f57a909\" data-element_type=\"container\" data-settings=\"{&quot;background_background&quot;:&quot;classic&quot;}\">\n\t\t<div class=\"elementor-element elementor-element-14bb2cb1 e-con-full e-flex e-con e-child\" data-id=\"14bb2cb1\" data-element_type=\"container\">\n\t\t\t\t<div class=\"elementor-element elementor-element-7cddb57a elementor-widget elementor-widget-heading\" data-id=\"7cddb57a\" data-element_type=\"widget\" data-widget_type=\"heading.default\">\n\t\t\t\t\t<h2 class=\"elementor-heading-title elementor-size-default\">Envie de go\u00fbter \u00e0 nos d\u00e9licieux plats signatures ? <img decoding=\"async\" role=\"img\" class=\"emoji\" alt=\"\ud83d\ude0b\" src=\"https:\/\/s.w.org\/images\/core\/emoji\/17.0.2\/svg\/1f60b.svg\"><\/h2>\t\t\t\t<\/div>\n\t\t\t\t<div class=\"elementor-element elementor-element-03e9e32 elementor-align-left elementor-widget elementor-widget-button\" data-id=\"03e9e32\" data-element_type=\"widget\" data-widget_type=\"button.default\">\n\t\t\t\t\t\t\t\t\t\t<a class=\"elementor-button elementor-button-link elementor-size-sm\" href=\"https:\/\/bookings.zenchef.com\/results?rid=381630\">\n\t\t\t\t\t\t<span class=\"elementor-button-content-wrapper\">\n\t\t\t\t\t\t<span class=\"elementor-button-icon\">\n\t\t\t\t<svg aria-hidden=\"true\" class=\"e-font-icon-svg e-fas-concierge-bell\" viewBox=\"0 0 512 512\" xmlns=\"http:\/\/www.w3.org\/2000\/svg\"><path d=\"M288 130.54V112h16c8.84 0 16-7.16 16-16V80c0-8.84-7.16-16-16-16h-96c-8.84 0-16 7.16-16 16v16c0 8.84 7.16 16 16 16h16v18.54C115.49 146.11 32 239.18 32 352h448c0-112.82-83.49-205.89-192-221.46zM496 384H16c-8.84 0-16 7.16-16 16v32c0 8.84 7.16 16 16 16h480c8.84 0 16-7.16 16-16v-32c0-8.84-7.16-16-16-16z\"><\/path><\/svg>\t\t\t<\/span>\n\t\t\t\t\t\t\t\t\t<span class=\"elementor-button-text\">Reserver<\/span>\n\t\t\t\t\t<\/span>\n\t\t\t\t\t<\/a>\n\t\t\t\t\t\t\t\t<\/div>\n\t\t\t\t<\/div>\n\t\t<div class=\"elementor-element elementor-element-3231a33b e-con-full e-flex e-con e-child\" data-id=\"3231a33b\" data-element_type=\"container\">\n\t\t\t\t<div class=\"elementor-element elementor-element-3bebec3c elementor-widget elementor-widget-image\" data-id=\"3bebec3c\" data-element_type=\"widget\" data-widget_type=\"image.default\">\n\t\t\t\t\t\t\t\t\t\t\t\t\t\t\t<img fetchpriority=\"high\" decoding=\"async\" width=\"768\" height=\"511\" src=\"https:\/\/chaletbochetay.be\/wp-content\/uploads\/2025\/12\/pexels-mali-65175-768x511.jpg\" class=\"attachment-medium_large size-medium_large wp-image-137\" alt=\"\" srcset=\"https:\/\/chaletbochetay.be\/wp-content\/uploads\/2025\/12\/pexels-mali-65175-768x511.jpg 768w, https:\/\/chaletbochetay.be\/wp-content\/uploads\/2025\/12\/pexels-mali-65175-300x200.jpg 300w, https:\/\/chaletbochetay.be\/wp-content\/uploads\/2025\/12\/pexels-mali-65175-1024x682.jpg 1024w, https:\/\/chaletbochetay.be\/wp-content\/uploads\/2025\/12\/pexels-mali-65175-1536x1022.jpg 1536w, https:\/\/chaletbochetay.be\/wp-content\/uploads\/2025\/12\/pexels-mali-65175.jpg 1920w\" sizes=\"(max-width: 768px) 100vw, 768px\" \/>\t\t\t\t\t\t\t\t\t\t\t\t\t\t\t<\/div>\n\t\t\t\t<\/div>\n\t\t\t\t<\/div>\n\t\t\t\t<\/div>\n\t\t","protected":false},"excerpt":{"rendered":"<p>De menukaart Envie de go\u00fbter \u00e0 nos d\u00e9licieux plats signatures ? Reserver<\/p>\n","protected":false},"author":1,"featured_media":37,"parent":0,"menu_order":0,"comment_status":"closed","ping_status":"closed","template":"elementor_header_footer","meta":{"footnotes":""},"class_list":["post-25","page","type-page","status-publish","has-post-thumbnail","hentry"],"rttpg_featured_image_url":{"full":["https:\/\/chaletbochetay.be\/wp-content\/uploads\/2025\/12\/Portfolio-400_380.jpg",400,380,false],"landscape":["https:\/\/chaletbochetay.be\/wp-content\/uploads\/2025\/12\/Portfolio-400_380.jpg",400,380,false],"portraits":["https:\/\/chaletbochetay.be\/wp-content\/uploads\/2025\/12\/Portfolio-400_380.jpg",400,380,false],"thumbnail":["https:\/\/chaletbochetay.be\/wp-content\/uploads\/2025\/12\/Portfolio-400_380-150x150.jpg",150,150,true],"medium":["https:\/\/chaletbochetay.be\/wp-content\/uploads\/2025\/12\/Portfolio-400_380-300x285.jpg",300,285,true],"large":["https:\/\/chaletbochetay.be\/wp-content\/uploads\/2025\/12\/Portfolio-400_380.jpg",400,380,false],"1536x1536":["https:\/\/chaletbochetay.be\/wp-content\/uploads\/2025\/12\/Portfolio-400_380.jpg",400,380,false],"2048x2048":["https:\/\/chaletbochetay.be\/wp-content\/uploads\/2025\/12\/Portfolio-400_380.jpg",400,380,false]},"rttpg_author":{"display_name":"admin","author_link":"https:\/\/chaletbochetay.be\/?author=1"},"rttpg_comment":0,"rttpg_category":" <a href=\"https:\/\/chaletbochetay.be\/?lang=nl\" rel=\"tag\">Nederlands<\/a>","rttpg_excerpt":"De menukaart Envie de go\u00fbter \u00e0 nos d\u00e9licieux plats signatures ? Reserver","_links":{"self":[{"href":"https:\/\/chaletbochetay.be\/index.php?rest_route=\/wp\/v2\/pages\/25","targetHints":{"allow":["GET"]}}],"collection":[{"href":"https:\/\/chaletbochetay.be\/index.php?rest_route=\/wp\/v2\/pages"}],"about":[{"href":"https:\/\/chaletbochetay.be\/index.php?rest_route=\/wp\/v2\/types\/page"}],"author":[{"embeddable":true,"href":"https:\/\/chaletbochetay.be\/index.php?rest_route=\/wp\/v2\/users\/1"}],"replies":[{"embeddable":true,"href":"https:\/\/chaletbochetay.be\/index.php?rest_route=%2Fwp%2Fv2%2Fcomments&post=25"}],"version-history":[{"count":58,"href":"https:\/\/chaletbochetay.be\/index.php?rest_route=\/wp\/v2\/pages\/25\/revisions"}],"predecessor-version":[{"id":433,"href":"https:\/\/chaletbochetay.be\/index.php?rest_route=\/wp\/v2\/pages\/25\/revisions\/433"}],"wp:featuredmedia":[{"embeddable":true,"href":"https:\/\/chaletbochetay.be\/index.php?rest_route=\/wp\/v2\/media\/37"}],"wp:attachment":[{"href":"https:\/\/chaletbochetay.be\/index.php?rest_route=%2Fwp%2Fv2%2Fmedia&parent=25"}],"curies":[{"name":"wp","href":"https:\/\/api.w.org\/{rel}","templated":true}]}}