{"id":302,"date":"2026-01-05T08:19:42","date_gmt":"2026-01-05T08:19:42","guid":{"rendered":"https:\/\/chaletbochetay.be\/?page_id=302"},"modified":"2026-03-26T12:28:36","modified_gmt":"2026-03-26T12:28:36","slug":"home-francais","status":"publish","type":"page","link":"https:\/\/chaletbochetay.be\/","title":{"rendered":"Home &#8211; Fran\u00e7ais"},"content":{"rendered":"\t\t<div data-elementor-type=\"wp-page\" data-elementor-id=\"302\" class=\"elementor elementor-302\">\n\t\t\t\t<div class=\"elementor-element elementor-element-4366711c e-flex e-con-boxed e-con e-parent\" data-id=\"4366711c\" data-element_type=\"container\" data-settings=\"{&quot;background_background&quot;:&quot;classic&quot;}\">\n\t\t\t\t\t<div class=\"e-con-inner\">\n\t\t\t\t<div class=\"elementor-element elementor-element-3d3603fc e-transform elementor-widget elementor-widget-heading\" data-id=\"3d3603fc\" data-element_type=\"widget\" data-settings=\"{&quot;_transform_translateX_effect&quot;:{&quot;unit&quot;:&quot;px&quot;,&quot;size&quot;:0,&quot;sizes&quot;:[]},&quot;_transform_translateY_effect&quot;:{&quot;unit&quot;:&quot;px&quot;,&quot;size&quot;:-86,&quot;sizes&quot;:[]},&quot;_transform_translateX_effect_tablet&quot;:{&quot;unit&quot;:&quot;px&quot;,&quot;size&quot;:&quot;&quot;,&quot;sizes&quot;:[]},&quot;_transform_translateX_effect_mobile&quot;:{&quot;unit&quot;:&quot;px&quot;,&quot;size&quot;:&quot;&quot;,&quot;sizes&quot;:[]},&quot;_transform_translateY_effect_tablet&quot;:{&quot;unit&quot;:&quot;px&quot;,&quot;size&quot;:&quot;&quot;,&quot;sizes&quot;:[]},&quot;_transform_translateY_effect_mobile&quot;:{&quot;unit&quot;:&quot;px&quot;,&quot;size&quot;:&quot;&quot;,&quot;sizes&quot;:[]}}\" data-widget_type=\"heading.default\">\n\t\t\t\t\t<h1 class=\"elementor-heading-title elementor-size-default\">Le plaisir simple d\u2019une bonne brasserie<\/h1>\t\t\t\t<\/div>\n\t\t\t\t<div class=\"elementor-element elementor-element-43c58f2 elementor-widget elementor-widget-heading\" data-id=\"43c58f2\" data-element_type=\"widget\" data-widget_type=\"heading.default\">\n\t\t\t\t\t<h5 class=\"elementor-heading-title elementor-size-default\">D\u00e9couvrez le Chalet Bochetay,\nvotre brasserie au c\u0153ur des Ardennes, entre Durbuy et Marche-en-Famenne.<\/h5>\t\t\t\t<\/div>\n\t\t\t\t<div class=\"elementor-element elementor-element-73911573 elementor-align-center elementor-widget elementor-widget-button\" data-id=\"73911573\" data-element_type=\"widget\" data-widget_type=\"button.default\">\n\t\t\t\t\t\t\t\t\t\t<a class=\"elementor-button elementor-button-link elementor-size-sm\" href=\"https:\/\/bookings.zenchef.com\/results?rid=381630\">\n\t\t\t\t\t\t<span class=\"elementor-button-content-wrapper\">\n\t\t\t\t\t\t<span class=\"elementor-button-icon\">\n\t\t\t\t<svg aria-hidden=\"true\" class=\"e-font-icon-svg e-fas-concierge-bell\" viewBox=\"0 0 512 512\" xmlns=\"http:\/\/www.w3.org\/2000\/svg\"><path d=\"M288 130.54V112h16c8.84 0 16-7.16 16-16V80c0-8.84-7.16-16-16-16h-96c-8.84 0-16 7.16-16 16v16c0 8.84 7.16 16 16 16h16v18.54C115.49 146.11 32 239.18 32 352h448c0-112.82-83.49-205.89-192-221.46zM496 384H16c-8.84 0-16 7.16-16 16v32c0 8.84 7.16 16 16 16h480c8.84 0 16-7.16 16-16v-32c0-8.84-7.16-16-16-16z\"><\/path><\/svg>\t\t\t<\/span>\n\t\t\t\t\t\t\t\t\t<span class=\"elementor-button-text\">Reserver<\/span>\n\t\t\t\t\t<\/span>\n\t\t\t\t\t<\/a>\n\t\t\t\t\t\t\t\t<\/div>\n\t\t\t\t\t<\/div>\n\t\t\t\t<\/div>\n\t\t<div class=\"elementor-element elementor-element-36554561 e-con-full e-transform e-flex e-con e-parent\" data-id=\"36554561\" data-element_type=\"container\" data-settings=\"{&quot;_transform_translateX_effect&quot;:{&quot;unit&quot;:&quot;px&quot;,&quot;size&quot;:0,&quot;sizes&quot;:[]},&quot;_transform_translateY_effect&quot;:{&quot;unit&quot;:&quot;px&quot;,&quot;size&quot;:0,&quot;sizes&quot;:[]},&quot;_transform_translateX_effect_tablet&quot;:{&quot;unit&quot;:&quot;px&quot;,&quot;size&quot;:&quot;&quot;,&quot;sizes&quot;:[]},&quot;_transform_translateX_effect_mobile&quot;:{&quot;unit&quot;:&quot;px&quot;,&quot;size&quot;:&quot;&quot;,&quot;sizes&quot;:[]},&quot;_transform_translateY_effect_tablet&quot;:{&quot;unit&quot;:&quot;px&quot;,&quot;size&quot;:&quot;&quot;,&quot;sizes&quot;:[]},&quot;_transform_translateY_effect_mobile&quot;:{&quot;unit&quot;:&quot;px&quot;,&quot;size&quot;:&quot;&quot;,&quot;sizes&quot;:[]}}\">\n\t\t<div class=\"elementor-element elementor-element-56d03e31 e-con-full e-flex e-con e-child\" data-id=\"56d03e31\" data-element_type=\"container\">\n\t\t\t\t<div class=\"elementor-element elementor-element-4de06b31 elementor-widget elementor-widget-heading\" data-id=\"4de06b31\" data-element_type=\"widget\" data-widget_type=\"heading.default\">\n\t\t\t\t\t<h2 class=\"elementor-heading-title elementor-size-default\">Klaas Trybou<\/h2>\t\t\t\t<\/div>\n\t\t\t\t<div class=\"elementor-element elementor-element-26b1f988 elementor-widget elementor-widget-heading\" data-id=\"26b1f988\" data-element_type=\"widget\" data-widget_type=\"heading.default\">\n\t\t\t\t\t<h5 class=\"elementor-heading-title elementor-size-default\">Chef cuisinier<\/h5>\t\t\t\t<\/div>\n\t\t\t\t<div class=\"elementor-element elementor-element-2a7cb026 elementor-widget__width-initial elementor-widget elementor-widget-text-editor\" data-id=\"2a7cb026\" data-element_type=\"widget\" data-widget_type=\"text-editor.default\">\n\t\t\t\t\t\t\t\t\t<p data-start=\"92\" data-end=\"146\"><strong data-start=\"92\" data-end=\"146\">Klaas Trybou est aux fourneaux du Chalet Bochetay.<\/strong><\/p><p data-start=\"148\" data-end=\"372\">Form\u00e9 \u00e0 l\u2019\u00c9cole H\u00f4teli\u00e8re de Coxyde, il a ensuite acquis son exp\u00e9rience dans plusieurs cuisines de renom. Son style a \u00e9volu\u00e9 vers une cuisine chaleureuse et sinc\u00e8re, o\u00f9 le go\u00fbt et la convivialit\u00e9 occupent une place centrale.<\/p><p data-start=\"374\" data-end=\"528\" data-is-last-node=\"\" data-is-only-node=\"\">Au Bochetay, Klaas cuisine avec une approche accessible et gourmande, dans le respect du produit, afin que chacun se sente le bienvenu autour de la table.<\/p>\t\t\t\t\t\t\t\t<\/div>\n\t\t\t\t<\/div>\n\t\t<div class=\"elementor-element elementor-element-73f97229 e-con-full e-flex e-con e-child\" data-id=\"73f97229\" data-element_type=\"container\">\n\t\t\t\t<div class=\"elementor-element elementor-element-2a2b6a98 elementor-widget elementor-widget-image\" data-id=\"2a2b6a98\" data-element_type=\"widget\" data-widget_type=\"image.default\">\n\t\t\t\t\t\t\t\t\t\t\t\t\t\t\t<img fetchpriority=\"high\" decoding=\"async\" width=\"768\" height=\"960\" src=\"https:\/\/chaletbochetay.be\/wp-content\/uploads\/2025\/12\/WhatsApp-Image-2025-12-23-at-17.52.49-768x960.jpeg\" class=\"attachment-medium_large size-medium_large wp-image-111\" alt=\"\" srcset=\"https:\/\/chaletbochetay.be\/wp-content\/uploads\/2025\/12\/WhatsApp-Image-2025-12-23-at-17.52.49-768x960.jpeg 768w, https:\/\/chaletbochetay.be\/wp-content\/uploads\/2025\/12\/WhatsApp-Image-2025-12-23-at-17.52.49-240x300.jpeg 240w, https:\/\/chaletbochetay.be\/wp-content\/uploads\/2025\/12\/WhatsApp-Image-2025-12-23-at-17.52.49-819x1024.jpeg 819w, https:\/\/chaletbochetay.be\/wp-content\/uploads\/2025\/12\/WhatsApp-Image-2025-12-23-at-17.52.49-1229x1536.jpeg 1229w, https:\/\/chaletbochetay.be\/wp-content\/uploads\/2025\/12\/WhatsApp-Image-2025-12-23-at-17.52.49.jpeg 1280w\" sizes=\"(max-width: 768px) 100vw, 768px\" \/>\t\t\t\t\t\t\t\t\t\t\t\t\t\t\t<\/div>\n\t\t\t\t<\/div>\n\t\t\t\t<\/div>\n\t\t<div class=\"elementor-element elementor-element-5be70d44 e-con-full e-flex e-con e-parent\" data-id=\"5be70d44\" data-element_type=\"container\">\n\t\t\t\t<div class=\"elementor-element elementor-element-5bac37bb elementor-widget elementor-widget-heading\" data-id=\"5bac37bb\" data-element_type=\"widget\" data-widget_type=\"heading.default\">\n\t\t\t\t\t<h2 class=\"elementor-heading-title elementor-size-default\">Notre cuisins<\/h2>\t\t\t\t<\/div>\n\t\t\t\t<div class=\"elementor-element elementor-element-369f959 elementor-widget elementor-widget-heading\" data-id=\"369f959\" data-element_type=\"widget\" data-widget_type=\"heading.default\">\n\t\t\t\t\t<h5 class=\"elementor-heading-title elementor-size-default\">Savourez une cuisine locale et accessible.<\/h5>\t\t\t\t<\/div>\n\t\t<div class=\"elementor-element elementor-element-125aa2f5 e-grid elementor-hidden-desktop e-con-boxed e-con e-child\" data-id=\"125aa2f5\" data-element_type=\"container\">\n\t\t\t\t\t<div class=\"e-con-inner\">\n\t\t\t\t<div class=\"elementor-element elementor-element-3f4b2def elementor-widget elementor-widget-image\" data-id=\"3f4b2def\" data-element_type=\"widget\" data-widget_type=\"image.default\">\n\t\t\t\t\t\t\t\t\t\t\t\t\t\t\t<img decoding=\"async\" width=\"800\" height=\"889\" src=\"https:\/\/chaletbochetay.be\/wp-content\/uploads\/2025\/12\/pexels-mali-65175-1-921x1024.jpg\" class=\"attachment-large size-large wp-image-142\" alt=\"\" srcset=\"https:\/\/chaletbochetay.be\/wp-content\/uploads\/2025\/12\/pexels-mali-65175-1-921x1024.jpg 921w, https:\/\/chaletbochetay.be\/wp-content\/uploads\/2025\/12\/pexels-mali-65175-1-270x300.jpg 270w, https:\/\/chaletbochetay.be\/wp-content\/uploads\/2025\/12\/pexels-mali-65175-1-768x853.jpg 768w, https:\/\/chaletbochetay.be\/wp-content\/uploads\/2025\/12\/pexels-mali-65175-1-1382x1536.jpg 1382w, https:\/\/chaletbochetay.be\/wp-content\/uploads\/2025\/12\/pexels-mali-65175-1.jpg 1429w\" sizes=\"(max-width: 800px) 100vw, 800px\" \/>\t\t\t\t\t\t\t\t\t\t\t\t\t\t\t<\/div>\n\t\t\t\t<div class=\"elementor-element elementor-element-327455df elementor-widget elementor-widget-image\" data-id=\"327455df\" data-element_type=\"widget\" data-widget_type=\"image.default\">\n\t\t\t\t\t\t\t\t\t\t\t\t\t\t\t<img decoding=\"async\" width=\"800\" height=\"889\" src=\"https:\/\/chaletbochetay.be\/wp-content\/uploads\/2025\/12\/pexels-furkanfdemir-7239431-1-922x1024.jpg\" class=\"attachment-large size-large wp-image-140\" alt=\"\" srcset=\"https:\/\/chaletbochetay.be\/wp-content\/uploads\/2025\/12\/pexels-furkanfdemir-7239431-1-922x1024.jpg 922w, https:\/\/chaletbochetay.be\/wp-content\/uploads\/2025\/12\/pexels-furkanfdemir-7239431-1-270x300.jpg 270w, https:\/\/chaletbochetay.be\/wp-content\/uploads\/2025\/12\/pexels-furkanfdemir-7239431-1-768x853.jpg 768w, https:\/\/chaletbochetay.be\/wp-content\/uploads\/2025\/12\/pexels-furkanfdemir-7239431-1-1383x1536.jpg 1383w, https:\/\/chaletbochetay.be\/wp-content\/uploads\/2025\/12\/pexels-furkanfdemir-7239431-1-1844x2048.jpg 1844w\" sizes=\"(max-width: 800px) 100vw, 800px\" \/>\t\t\t\t\t\t\t\t\t\t\t\t\t\t\t<\/div>\n\t\t\t\t<div class=\"elementor-element elementor-element-338224f0 elementor-widget elementor-widget-image\" data-id=\"338224f0\" data-element_type=\"widget\" data-widget_type=\"image.default\">\n\t\t\t\t\t\t\t\t\t\t\t\t\t\t\t<img loading=\"lazy\" decoding=\"async\" width=\"800\" height=\"889\" src=\"https:\/\/chaletbochetay.be\/wp-content\/uploads\/2025\/12\/pexels-paolino96-12588834-1-922x1024.jpg\" class=\"attachment-large size-large wp-image-141\" alt=\"\" srcset=\"https:\/\/chaletbochetay.be\/wp-content\/uploads\/2025\/12\/pexels-paolino96-12588834-1-922x1024.jpg 922w, https:\/\/chaletbochetay.be\/wp-content\/uploads\/2025\/12\/pexels-paolino96-12588834-1-270x300.jpg 270w, https:\/\/chaletbochetay.be\/wp-content\/uploads\/2025\/12\/pexels-paolino96-12588834-1-768x853.jpg 768w, https:\/\/chaletbochetay.be\/wp-content\/uploads\/2025\/12\/pexels-paolino96-12588834-1-1382x1536.jpg 1382w, https:\/\/chaletbochetay.be\/wp-content\/uploads\/2025\/12\/pexels-paolino96-12588834-1-1843x2048.jpg 1843w\" sizes=\"(max-width: 800px) 100vw, 800px\" \/>\t\t\t\t\t\t\t\t\t\t\t\t\t\t\t<\/div>\n\t\t\t\t<div class=\"elementor-element elementor-element-4646e2d5 elementor-hidden-desktop elementor-widget elementor-widget-image\" data-id=\"4646e2d5\" data-element_type=\"widget\" data-widget_type=\"image.default\">\n\t\t\t\t\t\t\t\t\t\t\t\t\t\t\t<img loading=\"lazy\" decoding=\"async\" width=\"800\" height=\"890\" src=\"https:\/\/chaletbochetay.be\/wp-content\/uploads\/2025\/12\/pexels-klaus-nielsen-6287542-2-scaled-e1767020319454-920x1024.jpg\" class=\"attachment-large size-large wp-image-204\" alt=\"\" srcset=\"https:\/\/chaletbochetay.be\/wp-content\/uploads\/2025\/12\/pexels-klaus-nielsen-6287542-2-scaled-e1767020319454-920x1024.jpg 920w, https:\/\/chaletbochetay.be\/wp-content\/uploads\/2025\/12\/pexels-klaus-nielsen-6287542-2-scaled-e1767020319454-270x300.jpg 270w, https:\/\/chaletbochetay.be\/wp-content\/uploads\/2025\/12\/pexels-klaus-nielsen-6287542-2-scaled-e1767020319454-768x855.jpg 768w, https:\/\/chaletbochetay.be\/wp-content\/uploads\/2025\/12\/pexels-klaus-nielsen-6287542-2-scaled-e1767020319454-1380x1536.jpg 1380w, https:\/\/chaletbochetay.be\/wp-content\/uploads\/2025\/12\/pexels-klaus-nielsen-6287542-2-scaled-e1767020319454.jpg 1707w\" sizes=\"(max-width: 800px) 100vw, 800px\" \/>\t\t\t\t\t\t\t\t\t\t\t\t\t\t\t<\/div>\n\t\t\t\t\t<\/div>\n\t\t\t\t<\/div>\n\t\t\t\t<div class=\"elementor-element elementor-element-2341083f gallery-spacing-custom elementor-hidden-tablet elementor-hidden-mobile elementor-widget elementor-widget-image-gallery\" data-id=\"2341083f\" data-element_type=\"widget\" data-widget_type=\"image-gallery.default\">\n\t\t\t\t\t\t\t<div class=\"elementor-image-gallery\">\n\t\t\t<div id='gallery-1' class='gallery galleryid-302 gallery-columns-4 gallery-size-medium_large'><figure class='gallery-item'>\n\t\t\t<div class='gallery-icon portrait'>\n\t\t\t\t<a data-elementor-open-lightbox=\"yes\" data-elementor-lightbox-slideshow=\"2341083f\" data-elementor-lightbox-title=\"pexels-furkanfdemir-7239431\" data-e-action-hash=\"#elementor-action%3Aaction%3Dlightbox%26settings%3DeyJpZCI6MzM4LCJ1cmwiOiJodHRwczpcL1wvY2hhbGV0Ym9jaGV0YXkuYmVcL3dwLWNvbnRlbnRcL3VwbG9hZHNcLzIwMjZcLzAxXC9wZXhlbHMtZnVya2FuZmRlbWlyLTcyMzk0MzEtc2NhbGVkLWUxNzY3NjEyNDY1MjA5LmpwZyIsInNsaWRlc2hvdyI6IjIzNDEwODNmIn0%3D\" href='https:\/\/chaletbochetay.be\/wp-content\/uploads\/2026\/01\/pexels-furkanfdemir-7239431-scaled-e1767612465209.jpg'><img loading=\"lazy\" decoding=\"async\" width=\"768\" height=\"855\" src=\"https:\/\/chaletbochetay.be\/wp-content\/uploads\/2026\/01\/pexels-furkanfdemir-7239431-scaled-e1767612465209-768x855.jpg\" class=\"attachment-medium_large size-medium_large\" alt=\"\" srcset=\"https:\/\/chaletbochetay.be\/wp-content\/uploads\/2026\/01\/pexels-furkanfdemir-7239431-scaled-e1767612465209-768x855.jpg 768w, https:\/\/chaletbochetay.be\/wp-content\/uploads\/2026\/01\/pexels-furkanfdemir-7239431-scaled-e1767612465209-270x300.jpg 270w, https:\/\/chaletbochetay.be\/wp-content\/uploads\/2026\/01\/pexels-furkanfdemir-7239431-scaled-e1767612465209-920x1024.jpg 920w, https:\/\/chaletbochetay.be\/wp-content\/uploads\/2026\/01\/pexels-furkanfdemir-7239431-scaled-e1767612465209-1380x1536.jpg 1380w, https:\/\/chaletbochetay.be\/wp-content\/uploads\/2026\/01\/pexels-furkanfdemir-7239431-scaled-e1767612465209.jpg 1710w\" sizes=\"(max-width: 768px) 100vw, 768px\" \/><\/a>\n\t\t\t<\/div><\/figure><figure class='gallery-item'>\n\t\t\t<div class='gallery-icon portrait'>\n\t\t\t\t<a data-elementor-open-lightbox=\"yes\" data-elementor-lightbox-slideshow=\"2341083f\" data-elementor-lightbox-title=\"pexels-paolino96-12588834\" data-e-action-hash=\"#elementor-action%3Aaction%3Dlightbox%26settings%3DeyJpZCI6MzM5LCJ1cmwiOiJodHRwczpcL1wvY2hhbGV0Ym9jaGV0YXkuYmVcL3dwLWNvbnRlbnRcL3VwbG9hZHNcLzIwMjZcLzAxXC9wZXhlbHMtcGFvbGlubzk2LTEyNTg4ODM0LXNjYWxlZC1lMTc2NzYxMjQ5MDE5My5qcGciLCJzbGlkZXNob3ciOiIyMzQxMDgzZiJ9\" href='https:\/\/chaletbochetay.be\/wp-content\/uploads\/2026\/01\/pexels-paolino96-12588834-scaled-e1767612490193.jpg'><img loading=\"lazy\" decoding=\"async\" width=\"768\" height=\"854\" src=\"https:\/\/chaletbochetay.be\/wp-content\/uploads\/2026\/01\/pexels-paolino96-12588834-scaled-e1767612490193-768x854.jpg\" class=\"attachment-medium_large size-medium_large\" alt=\"\" srcset=\"https:\/\/chaletbochetay.be\/wp-content\/uploads\/2026\/01\/pexels-paolino96-12588834-scaled-e1767612490193-768x854.jpg 768w, https:\/\/chaletbochetay.be\/wp-content\/uploads\/2026\/01\/pexels-paolino96-12588834-scaled-e1767612490193-270x300.jpg 270w, https:\/\/chaletbochetay.be\/wp-content\/uploads\/2026\/01\/pexels-paolino96-12588834-scaled-e1767612490193-921x1024.jpg 921w, https:\/\/chaletbochetay.be\/wp-content\/uploads\/2026\/01\/pexels-paolino96-12588834-scaled-e1767612490193-1381x1536.jpg 1381w, https:\/\/chaletbochetay.be\/wp-content\/uploads\/2026\/01\/pexels-paolino96-12588834-scaled-e1767612490193.jpg 1684w\" sizes=\"(max-width: 768px) 100vw, 768px\" \/><\/a>\n\t\t\t<\/div><\/figure><figure class='gallery-item'>\n\t\t\t<div class='gallery-icon portrait'>\n\t\t\t\t<a data-elementor-open-lightbox=\"yes\" data-elementor-lightbox-slideshow=\"2341083f\" data-elementor-lightbox-title=\"pexels-mali-65175\" data-e-action-hash=\"#elementor-action%3Aaction%3Dlightbox%26settings%3DeyJpZCI6MzQwLCJ1cmwiOiJodHRwczpcL1wvY2hhbGV0Ym9jaGV0YXkuYmVcL3dwLWNvbnRlbnRcL3VwbG9hZHNcLzIwMjZcLzAxXC9wZXhlbHMtbWFsaS02NTE3NS1lMTc2NzYxMjUyOTczMi5qcGciLCJzbGlkZXNob3ciOiIyMzQxMDgzZiJ9\" href='https:\/\/chaletbochetay.be\/wp-content\/uploads\/2026\/01\/pexels-mali-65175-e1767612529732.jpg'><img loading=\"lazy\" decoding=\"async\" width=\"768\" height=\"851\" src=\"https:\/\/chaletbochetay.be\/wp-content\/uploads\/2026\/01\/pexels-mali-65175-e1767612529732-768x851.jpg\" class=\"attachment-medium_large size-medium_large\" alt=\"\" srcset=\"https:\/\/chaletbochetay.be\/wp-content\/uploads\/2026\/01\/pexels-mali-65175-e1767612529732-768x851.jpg 768w, https:\/\/chaletbochetay.be\/wp-content\/uploads\/2026\/01\/pexels-mali-65175-e1767612529732-271x300.jpg 271w, https:\/\/chaletbochetay.be\/wp-content\/uploads\/2026\/01\/pexels-mali-65175-e1767612529732-924x1024.jpg 924w, https:\/\/chaletbochetay.be\/wp-content\/uploads\/2026\/01\/pexels-mali-65175-e1767612529732.jpg 1152w\" sizes=\"(max-width: 768px) 100vw, 768px\" \/><\/a>\n\t\t\t<\/div><\/figure><figure class='gallery-item'>\n\t\t\t<div class='gallery-icon portrait'>\n\t\t\t\t<a data-elementor-open-lightbox=\"yes\" data-elementor-lightbox-slideshow=\"2341083f\" data-elementor-lightbox-title=\"pexels-klaus-nielsen-6287554\" data-e-action-hash=\"#elementor-action%3Aaction%3Dlightbox%26settings%3DeyJpZCI6MzQxLCJ1cmwiOiJodHRwczpcL1wvY2hhbGV0Ym9jaGV0YXkuYmVcL3dwLWNvbnRlbnRcL3VwbG9hZHNcLzIwMjZcLzAxXC9wZXhlbHMta2xhdXMtbmllbHNlbi02Mjg3NTU0LXNjYWxlZC1lMTc2NzYxMjU1MTEyMi5qcGciLCJzbGlkZXNob3ciOiIyMzQxMDgzZiJ9\" href='https:\/\/chaletbochetay.be\/wp-content\/uploads\/2026\/01\/pexels-klaus-nielsen-6287554-scaled-e1767612551122.jpg'><img loading=\"lazy\" decoding=\"async\" width=\"768\" height=\"855\" src=\"https:\/\/chaletbochetay.be\/wp-content\/uploads\/2026\/01\/pexels-klaus-nielsen-6287554-scaled-e1767612551122-768x855.jpg\" class=\"attachment-medium_large size-medium_large\" alt=\"\" srcset=\"https:\/\/chaletbochetay.be\/wp-content\/uploads\/2026\/01\/pexels-klaus-nielsen-6287554-scaled-e1767612551122-768x855.jpg 768w, https:\/\/chaletbochetay.be\/wp-content\/uploads\/2026\/01\/pexels-klaus-nielsen-6287554-scaled-e1767612551122-269x300.jpg 269w, https:\/\/chaletbochetay.be\/wp-content\/uploads\/2026\/01\/pexels-klaus-nielsen-6287554-scaled-e1767612551122-920x1024.jpg 920w, https:\/\/chaletbochetay.be\/wp-content\/uploads\/2026\/01\/pexels-klaus-nielsen-6287554-scaled-e1767612551122-1380x1536.jpg 1380w, https:\/\/chaletbochetay.be\/wp-content\/uploads\/2026\/01\/pexels-klaus-nielsen-6287554-scaled-e1767612551122.jpg 1740w\" sizes=\"(max-width: 768px) 100vw, 768px\" \/><\/a>\n\t\t\t<\/div><\/figure>\n\t\t<\/div>\n\t\t<\/div>\n\t\t\t\t\t\t<\/div>\n\t\t\t\t<\/div>\n\t\t<div class=\"elementor-element elementor-element-29c802ff e-flex e-con-boxed e-con e-parent\" data-id=\"29c802ff\" data-element_type=\"container\">\n\t\t\t\t\t<div class=\"e-con-inner\">\n\t\t\t\t<div class=\"elementor-element elementor-element-126353be elementor-widget__width-inherit elementor-widget elementor-widget-google_maps\" data-id=\"126353be\" data-element_type=\"widget\" data-widget_type=\"google_maps.default\">\n\t\t\t\t\t\t\t<div class=\"elementor-custom-embed\">\n\t\t\t<iframe loading=\"lazy\"\n\t\t\t\t\tsrc=\"https:\/\/maps.google.com\/maps?q=Le%20bochetay%202A%2C%20somme-Leuze&#038;t=m&#038;z=14&#038;output=embed&#038;iwloc=near\"\n\t\t\t\t\ttitle=\"Le bochetay 2A, somme-Leuze\"\n\t\t\t\t\taria-label=\"Le bochetay 2A, somme-Leuze\"\n\t\t\t><\/iframe>\n\t\t<\/div>\n\t\t\t\t\t\t<\/div>\n\t\t\t\t<div class=\"elementor-element elementor-element-34698b13 elementor-widget elementor-widget-text-editor\" data-id=\"34698b13\" data-element_type=\"widget\" data-widget_type=\"text-editor.default\">\n\t\t\t\t\t\t\t\t\t<p>Le Bochetay 2A, Somme-Leuze<\/p>\t\t\t\t\t\t\t\t<\/div>\n\t\t\t\t\t<\/div>\n\t\t\t\t<\/div>\n\t\t\t\t<\/div>\n\t\t","protected":false},"excerpt":{"rendered":"<p>Le plaisir simple d\u2019une bonne brasserie D\u00e9couvrez le Chalet Bochetay, votre brasserie au c\u0153ur des Ardennes, entre Durbuy et Marche-en-Famenne. Reserver Klaas Trybou Chef cuisinier Klaas Trybou est aux fourneaux du Chalet Bochetay. Form\u00e9 \u00e0 l\u2019\u00c9cole H\u00f4teli\u00e8re de Coxyde, il a ensuite acquis son exp\u00e9rience dans plusieurs cuisines de renom. Son style a \u00e9volu\u00e9 vers [&hellip;]<\/p>\n","protected":false},"author":1,"featured_media":0,"parent":0,"menu_order":0,"comment_status":"closed","ping_status":"closed","template":"","meta":{"footnotes":""},"class_list":["post-302","page","type-page","status-publish","hentry"],"rttpg_featured_image_url":null,"rttpg_author":{"display_name":"admin","author_link":"https:\/\/chaletbochetay.be\/?author=1"},"rttpg_comment":0,"rttpg_category":" <a href=\"https:\/\/chaletbochetay.be\/\" rel=\"tag\">Fran\u00e7ais<\/a>","rttpg_excerpt":"Le plaisir simple d\u2019une bonne brasserie D\u00e9couvrez le Chalet Bochetay, votre brasserie au c\u0153ur des Ardennes, entre Durbuy et Marche-en-Famenne. Reserver Klaas Trybou Chef cuisinier Klaas Trybou est aux fourneaux du Chalet Bochetay. Form\u00e9 \u00e0 l\u2019\u00c9cole H\u00f4teli\u00e8re de Coxyde, il a ensuite acquis son exp\u00e9rience dans plusieurs cuisines de renom. Son style a \u00e9volu\u00e9 vers&hellip;","_links":{"self":[{"href":"https:\/\/chaletbochetay.be\/index.php?rest_route=\/wp\/v2\/pages\/302","targetHints":{"allow":["GET"]}}],"collection":[{"href":"https:\/\/chaletbochetay.be\/index.php?rest_route=\/wp\/v2\/pages"}],"about":[{"href":"https:\/\/chaletbochetay.be\/index.php?rest_route=\/wp\/v2\/types\/page"}],"author":[{"embeddable":true,"href":"https:\/\/chaletbochetay.be\/index.php?rest_route=\/wp\/v2\/users\/1"}],"replies":[{"embeddable":true,"href":"https:\/\/chaletbochetay.be\/index.php?rest_route=%2Fwp%2Fv2%2Fcomments&post=302"}],"version-history":[{"count":21,"href":"https:\/\/chaletbochetay.be\/index.php?rest_route=\/wp\/v2\/pages\/302\/revisions"}],"predecessor-version":[{"id":420,"href":"https:\/\/chaletbochetay.be\/index.php?rest_route=\/wp\/v2\/pages\/302\/revisions\/420"}],"wp:attachment":[{"href":"https:\/\/chaletbochetay.be\/index.php?rest_route=%2Fwp%2Fv2%2Fmedia&parent=302"}],"curies":[{"name":"wp","href":"https:\/\/api.w.org\/{rel}","templated":true}]}}