{"id":440,"date":"2026-03-26T15:21:49","date_gmt":"2026-03-26T15:21:49","guid":{"rendered":"https:\/\/chaletbochetay.be\/?page_id=440"},"modified":"2026-03-27T08:05:42","modified_gmt":"2026-03-27T08:05:42","slug":"offres-speciales","status":"publish","type":"page","link":"https:\/\/chaletbochetay.be\/?page_id=440&lang=nl","title":{"rendered":"Offres Sp\u00e9ciales"},"content":{"rendered":"\t\t<div data-elementor-type=\"wp-page\" data-elementor-id=\"440\" class=\"elementor elementor-440\">\n\t\t\t\t<div class=\"elementor-element elementor-element-27a7faf e-flex e-con-boxed e-con e-parent\" data-id=\"27a7faf\" data-element_type=\"container\">\n\t\t\t\t\t<div class=\"e-con-inner\">\n\t\t\t\t<div class=\"elementor-element elementor-element-bb4a11e elementor-widget elementor-widget-spacer\" data-id=\"bb4a11e\" data-element_type=\"widget\" data-widget_type=\"spacer.default\">\n\t\t\t\t\t\t\t<div class=\"elementor-spacer\">\n\t\t\t<div class=\"elementor-spacer-inner\"><\/div>\n\t\t<\/div>\n\t\t\t\t\t\t<\/div>\n\t\t\t\t\t<\/div>\n\t\t\t\t<\/div>\n\t\t<div class=\"elementor-element elementor-element-fe457fb e-flex e-con-boxed e-con e-parent\" data-id=\"fe457fb\" data-element_type=\"container\">\n\t\t\t\t\t<div class=\"e-con-inner\">\n\t\t<div class=\"elementor-element elementor-element-a2b6d54 e-con-full e-flex e-con e-child\" data-id=\"a2b6d54\" data-element_type=\"container\">\n\t\t\t\t<div class=\"elementor-element elementor-element-560623a elementor-widget elementor-widget-image\" data-id=\"560623a\" data-element_type=\"widget\" data-widget_type=\"image.default\">\n\t\t\t\t\t\t\t\t\t\t\t\t\t\t\t<img fetchpriority=\"high\" decoding=\"async\" width=\"800\" height=\"800\" src=\"https:\/\/chaletbochetay.be\/wp-content\/uploads\/2026\/03\/pexels-joao-goncalves-3392940-5651821-scaled-e1774539818417-1024x1024.jpg\" class=\"attachment-large size-large wp-image-448\" alt=\"\" srcset=\"https:\/\/chaletbochetay.be\/wp-content\/uploads\/2026\/03\/pexels-joao-goncalves-3392940-5651821-scaled-e1774539818417-1024x1024.jpg 1024w, https:\/\/chaletbochetay.be\/wp-content\/uploads\/2026\/03\/pexels-joao-goncalves-3392940-5651821-scaled-e1774539818417-300x300.jpg 300w, https:\/\/chaletbochetay.be\/wp-content\/uploads\/2026\/03\/pexels-joao-goncalves-3392940-5651821-scaled-e1774539818417-150x150.jpg 150w, https:\/\/chaletbochetay.be\/wp-content\/uploads\/2026\/03\/pexels-joao-goncalves-3392940-5651821-scaled-e1774539818417-768x768.jpg 768w, https:\/\/chaletbochetay.be\/wp-content\/uploads\/2026\/03\/pexels-joao-goncalves-3392940-5651821-scaled-e1774539818417-1536x1536.jpg 1536w, https:\/\/chaletbochetay.be\/wp-content\/uploads\/2026\/03\/pexels-joao-goncalves-3392940-5651821-scaled-e1774539818417.jpg 1920w\" sizes=\"(max-width: 800px) 100vw, 800px\" \/>\t\t\t\t\t\t\t\t\t\t\t\t\t\t\t<\/div>\n\t\t\t\t<\/div>\n\t\t<div class=\"elementor-element elementor-element-aa492c0 e-con-full e-flex e-con e-child\" data-id=\"aa492c0\" data-element_type=\"container\">\n\t\t\t\t<div class=\"elementor-element elementor-element-b30414d elementor-widget elementor-widget-heading\" data-id=\"b30414d\" data-element_type=\"widget\" data-widget_type=\"heading.default\">\n\t\t\t\t\t<h2 class=\"elementor-heading-title elementor-size-default\">Le dimanche, moules \u00e0 volont\u00e9 ! - 29,50 euro<\/h2>\t\t\t\t<\/div>\n\t\t\t\t<div class=\"elementor-element elementor-element-2a82eee elementor-widget elementor-widget-text-editor\" data-id=\"2a82eee\" data-element_type=\"widget\" data-widget_type=\"text-editor.default\">\n\t\t\t\t\t\t\t\t\t<p>Profitez de nos d\u00e9licieuses moules \u00e0 volont\u00e9, fra\u00eeches et pleines de saveur. Servies avec des frites croustillantes et une touche de fra\u00eecheur. Venez en profiter et faites du dimanche un moment gourmand ! Choix entre nature, ail &amp; cr\u00e8me ou thai.<\/p><p class=\"whitespace-pre-wrap break-words\">Zondag = mosselen \u00e0 volont\u00e9! <img decoding=\"async\" class=\"emoji\" role=\"img\" draggable=\"false\" src=\"https:\/\/s.w.org\/images\/core\/emoji\/17.0.2\/svg\/1f9aa.svg\" alt=\"\ud83e\uddaa\" \/><img decoding=\"async\" class=\"emoji\" role=\"img\" draggable=\"false\" src=\"https:\/\/s.w.org\/images\/core\/emoji\/17.0.2\/svg\/1f525.svg\" alt=\"\ud83d\udd25\" \/> Geniet onbeperkt van onze heerlijke mosselen, vers bereid en vol smaak. Geserveerd met knapperige frietjes en een frisse toets erbij. Kom langs en maak van zondag een moment om van te genieten! <img decoding=\"async\" class=\"emoji\" role=\"img\" draggable=\"false\" src=\"https:\/\/s.w.org\/images\/core\/emoji\/17.0.2\/svg\/1f60b.svg\" alt=\"\ud83d\ude0b\" \/> Keuze uit mosselen natuur, in look, room of Thai .<\/p>\t\t\t\t\t\t\t\t<\/div>\n\t\t\t\t<\/div>\n\t\t\t\t\t<\/div>\n\t\t\t\t<\/div>\n\t\t<div class=\"elementor-element elementor-element-648efa2 e-flex e-con-boxed e-con e-parent\" data-id=\"648efa2\" data-element_type=\"container\">\n\t\t\t\t\t<div class=\"e-con-inner\">\n\t\t<div class=\"elementor-element elementor-element-ae43966 e-con-full e-flex e-con e-child\" data-id=\"ae43966\" data-element_type=\"container\">\n\t\t\t\t<div class=\"elementor-element elementor-element-0dec71b elementor-widget elementor-widget-heading\" data-id=\"0dec71b\" data-element_type=\"widget\" data-widget_type=\"heading.default\">\n\t\t\t\t\t<h2 class=\"elementor-heading-title elementor-size-default\"><p>&nbsp;Le jeudi: c\u00f4te \u00e0 l'os \u00e0 volont\u00e9&nbsp;- 41 euro<span style=\"letter-spacing: 0px\"><\/span><\/p><\/h2>\t\t\t\t<\/div>\n\t\t\t\t<div class=\"elementor-element elementor-element-a38e95d elementor-widget elementor-widget-text-editor\" data-id=\"a38e95d\" data-element_type=\"widget\" data-widget_type=\"text-editor.default\">\n\t\t\t\t\t\t\t\t\t<p>Chaque jeudi, un moment \u00e0 savourer ! \ud83d\udd25<br \/>Savourez notre d\u00e9licieuse <strong>c\u00f4te \u00e0 l\u2019os Holstein<\/strong> pour seulement 41 \u20ac.<br \/>Servie avec une salade fra\u00eeche, des frites croustillantes et une sauce chaude savoureuse.<br \/>Venez go\u00fbter\u2026 et faites du jeudi votre nouveau jour pr\u00e9f\u00e9r\u00e9 ! \ud83d\ude0b<\/p><p>Elke donderdag iets om naar uit te kijken! \ud83d\udd25<br \/>Geniet van onze superlekkere <strong>Holstein c\u00f4te \u00e0 l\u2019os<\/strong> voor slechts \u20ac41.<br \/>Geserveerd met frisse sla, knapperige frietjes en een heerlijke warme saus.<br \/>Kom proeven\u2026 en maak van donderdag je nieuwe favoriete dag! \ud83d\ude0b<\/p>\t\t\t\t\t\t\t\t<\/div>\n\t\t\t\t<\/div>\n\t\t<div class=\"elementor-element elementor-element-93e7839 e-con-full e-flex e-con e-child\" data-id=\"93e7839\" data-element_type=\"container\">\n\t\t\t\t<div class=\"elementor-element elementor-element-d6e8ea0 elementor-widget elementor-widget-image\" data-id=\"d6e8ea0\" data-element_type=\"widget\" data-widget_type=\"image.default\">\n\t\t\t\t\t\t\t\t\t\t\t\t\t\t\t<img decoding=\"async\" width=\"800\" height=\"800\" src=\"https:\/\/chaletbochetay.be\/wp-content\/uploads\/2026\/03\/pexels-mohamed-olwy-2158880271-36593590-scaled-e1774539891895-1024x1024.jpg\" class=\"attachment-large size-large wp-image-450\" alt=\"\" srcset=\"https:\/\/chaletbochetay.be\/wp-content\/uploads\/2026\/03\/pexels-mohamed-olwy-2158880271-36593590-scaled-e1774539891895-1024x1024.jpg 1024w, https:\/\/chaletbochetay.be\/wp-content\/uploads\/2026\/03\/pexels-mohamed-olwy-2158880271-36593590-scaled-e1774539891895-300x300.jpg 300w, https:\/\/chaletbochetay.be\/wp-content\/uploads\/2026\/03\/pexels-mohamed-olwy-2158880271-36593590-scaled-e1774539891895-150x150.jpg 150w, https:\/\/chaletbochetay.be\/wp-content\/uploads\/2026\/03\/pexels-mohamed-olwy-2158880271-36593590-scaled-e1774539891895-768x768.jpg 768w, https:\/\/chaletbochetay.be\/wp-content\/uploads\/2026\/03\/pexels-mohamed-olwy-2158880271-36593590-scaled-e1774539891895.jpg 1250w\" sizes=\"(max-width: 800px) 100vw, 800px\" \/>\t\t\t\t\t\t\t\t\t\t\t\t\t\t\t<\/div>\n\t\t\t\t<\/div>\n\t\t\t\t\t<\/div>\n\t\t\t\t<\/div>\n\t\t\t\t<\/div>\n\t\t","protected":false},"excerpt":{"rendered":"<p>Le dimanche, moules \u00e0 volont\u00e9 ! &#8211; 29,50 euro Profitez de nos d\u00e9licieuses moules \u00e0 volont\u00e9, fra\u00eeches et pleines de saveur. Servies avec des frites croustillantes et une touche de fra\u00eecheur. Venez en profiter et faites du dimanche un moment gourmand ! Choix entre nature, ail &amp; cr\u00e8me ou thai. Zondag = mosselen \u00e0 volont\u00e9! [&hellip;]<\/p>\n","protected":false},"author":1,"featured_media":0,"parent":0,"menu_order":0,"comment_status":"closed","ping_status":"closed","template":"","meta":{"footnotes":""},"class_list":["post-440","page","type-page","status-publish","hentry"],"rttpg_featured_image_url":null,"rttpg_author":{"display_name":"admin","author_link":"https:\/\/chaletbochetay.be\/?author=1"},"rttpg_comment":0,"rttpg_category":" <a href=\"https:\/\/chaletbochetay.be\/?lang=nl\" rel=\"tag\">Nederlands<\/a>","rttpg_excerpt":"Le dimanche, moules \u00e0 volont\u00e9 ! &#8211; 29,50 euro Profitez de nos d\u00e9licieuses moules \u00e0 volont\u00e9, fra\u00eeches et pleines de saveur. Servies avec des frites croustillantes et une touche de fra\u00eecheur. Venez en profiter et faites du dimanche un moment gourmand ! Choix entre nature, ail &amp; cr\u00e8me ou thai. Zondag = mosselen \u00e0 volont\u00e9!&hellip;","_links":{"self":[{"href":"https:\/\/chaletbochetay.be\/index.php?rest_route=\/wp\/v2\/pages\/440","targetHints":{"allow":["GET"]}}],"collection":[{"href":"https:\/\/chaletbochetay.be\/index.php?rest_route=\/wp\/v2\/pages"}],"about":[{"href":"https:\/\/chaletbochetay.be\/index.php?rest_route=\/wp\/v2\/types\/page"}],"author":[{"embeddable":true,"href":"https:\/\/chaletbochetay.be\/index.php?rest_route=\/wp\/v2\/users\/1"}],"replies":[{"embeddable":true,"href":"https:\/\/chaletbochetay.be\/index.php?rest_route=%2Fwp%2Fv2%2Fcomments&post=440"}],"version-history":[{"count":35,"href":"https:\/\/chaletbochetay.be\/index.php?rest_route=\/wp\/v2\/pages\/440\/revisions"}],"predecessor-version":[{"id":483,"href":"https:\/\/chaletbochetay.be\/index.php?rest_route=\/wp\/v2\/pages\/440\/revisions\/483"}],"wp:attachment":[{"href":"https:\/\/chaletbochetay.be\/index.php?rest_route=%2Fwp%2Fv2%2Fmedia&parent=440"}],"curies":[{"name":"wp","href":"https:\/\/api.w.org\/{rel}","templated":true}]}}